{"id":134,"date":"2015-04-06T18:18:26","date_gmt":"2015-04-06T18:18:26","guid":{"rendered":"http:\/\/172.16.0.202:81\/?page_id=134"},"modified":"2025-07-03T07:02:45","modified_gmt":"2025-07-03T08:02:45","slug":"styrelsen","status":"publish","type":"page","link":"https:\/\/www.fagotten.org\/?page_id=134","title":{"rendered":"Styrelse Brf Fagotten i Lund"},"content":{"rendered":"<div align=\"center\">\n<h1><span style=\"color: #003366;\">Styrelse Brf Fagotten <\/span><\/h1>\n<h1><span style=\"color: #003366;\">i Lund<\/span><\/h1>\n<h1><span style=\"color: #003366;\">2025\/2026<\/span><\/h1>\n<\/div>\n<p>Du n\u00e5r hela styrelsen p\u00e5 <a href=\"mailto:styrelsen@fagotten.org\">styrelsen@fagotten.org<\/a><\/p>\n<table border=\"0\" width=\"234\" cellspacing=\"0\" cellpadding=\"0\">\n<colgroup>\n<col width=\"99\" \/>\n<col width=\"135\" \/> <\/colgroup>\n<tbody>\n<tr>\n<td width=\"99\" height=\"25\">Ordf\u00f6rande<\/td>\n<td width=\"135\">Rolf Persson<\/td>\n<\/tr>\n<tr>\n<td height=\"25\">Vice ordf\u00f6rande<\/td>\n<td>Cecilia Sk\u00f6tt<\/td>\n<\/tr>\n<tr>\n<td height=\"25\">Sekreterare<\/td>\n<td>Therese Beer<\/td>\n<\/tr>\n<tr>\n<td height=\"25\">Vice sekreterare<\/td>\n<td>Per Stew\u00e9n<\/td>\n<\/tr>\n<tr>\n<td height=\"25\">Ledamot<\/td>\n<td>Lars Wads\u00f6<\/td>\n<\/tr>\n<tr>\n<td height=\"25\">Ledamot<\/td>\n<td>Amir Baigi<\/td>\n<\/tr>\n<tr>\n<td height=\"25\">Ledamot<\/td>\n<td>Maria Leonora<\/td>\n<\/tr>\n<tr>\n<td height=\"25\">Ledamot<\/td>\n<td>Sofia Klingmann<\/td>\n<\/tr>\n<tr>\n<td height=\"25\"><\/td>\n<td><\/td>\n<\/tr>\n<tr>\n<td height=\"25\">HSB representant (tillsatt av HSB Sk\u00e5ne)<\/td>\n<td>\n<table border=\"0\" width=\"234\" cellspacing=\"0\" cellpadding=\"0\">\n<tbody>\n<tr>\n<td>Lotta Clarell<\/td>\n<\/tr>\n<\/tbody>\n<\/table>\n<\/td>\n<\/tr>\n<\/tbody>\n<\/table>\n<table>\n<tbody>\n<tr>\n<td width=\"60\">\u00a0<strong>F\u00f6reningsrevisor<\/strong><\/td>\n<td width=\"60\">Lena Erreth<\/p>\n<p>(suppl. Eva Maria Jansson)<\/td>\n<td width=\"60\"><\/td>\n<\/tr>\n<tr>\n<td colspan=\"4\"><strong><i><big>Valberedning<\/big><\/i><\/strong><\/td>\n<\/tr>\n<tr>\n<td valign=\"top\"><em>\u00a0Sammankallande<\/em><\/td>\n<td valign=\"top\">Anatoly Mironov (sammankallande), Jonas Bostr\u00f6m och Amelie Flink. Valberedningen n\u00e5s p\u00e5 <a href=\"mailto:valberedningen@fagotten.org\">valberedningen@fagotten.org<\/a><\/td>\n<td valign=\"top\"><\/td>\n<\/tr>\n<\/tbody>\n<\/table>\n<table>\n<tbody>\n<tr>\n<td valign=\"top\"><b>F\u00f6rvaltare<\/b>. Per Werner<\/td>\n<td valign=\"top\"><b>Expedition:<\/b><br \/>\nFl\u00f6jtv\u00e4gen 20 (k\u00e4llaren)<\/p>\n<div><b>\u00a0<\/b><\/div>\n<div>M\u00e5ndagar 8:00 \u2013 8:30<\/div>\n<div>Onsdagar 15:30 \u2013 16:00<\/div>\n<\/td>\n<td valign=\"top\">\n<div><i>Telefon<\/i>: 010 &#8211; 177 59 00<\/div>\n<div><i>Brevl\u00e5da<\/i>: Utanf\u00f6r expeditionen Fl\u00f6jtv\u00e4gen 20<\/div>\n<div>per.werner@bredablickgruppen.se<\/div>\n<\/td>\n<\/tr>\n<\/tbody>\n<\/table>\n<p><em>G\u00e5rdsombud<\/em><\/p>\n<table border=\"0\" width=\"468\" cellspacing=\"0\" cellpadding=\"0\">\n<tbody>\n<tr>\n<td width=\"54\">G\u00e5rd<\/td>\n<td width=\"99\">Ombud<\/td>\n<td width=\"99\">\n<p align=\"center\">Fagottgr\u00e4nden<\/p>\n<\/td>\n<td width=\"45\">G\u00e5rd<\/td>\n<td width=\"108\">Ombud<\/td>\n<td width=\"63\">Fl\u00f6jtv\u00e4gen<\/td>\n<\/tr>\n<tr>\n<td width=\"54\">1\u20137<\/td>\n<td width=\"99\">Mia Bengtsson<\/td>\n<td width=\"99\">5 A<\/td>\n<td width=\"45\">2\u20138<\/td>\n<td width=\"108\">Vakant<\/td>\n<td width=\"63\">Vakan<\/td>\n<\/tr>\n<tr>\n<td width=\"54\">9\u201315<\/td>\n<td width=\"99\">Vakant<\/td>\n<td width=\"99\">Vakant<\/td>\n<td width=\"45\">10\u201316<\/td>\n<td width=\"108\">Vakant<\/td>\n<td width=\"63\">Vakant<\/td>\n<\/tr>\n<tr>\n<td width=\"54\">17\u201323<\/td>\n<td width=\"99\">Lars Wads\u00f6<\/td>\n<td width=\"99\">13A<\/td>\n<td width=\"45\">18\u201324<\/td>\n<td width=\"108\">Rolf Persson<\/td>\n<td width=\"63\">22 B<\/td>\n<\/tr>\n<\/tbody>\n<\/table>\n","protected":false},"excerpt":{"rendered":"<p>Styrelse Brf Fagotten i Lund 2025\/2026 Du n\u00e5r hela styrelsen p\u00e5 styrelsen@fagotten.org Ordf\u00f6rande Rolf Persson Vice ordf\u00f6rande Cecilia Sk\u00f6tt Sekreterare Therese Beer Vice sekreterare Per Stew\u00e9n Ledamot Lars Wads\u00f6 Ledamot Amir Baigi Ledamot Maria Leonora Ledamot Sofia Klingmann HSB representant (tillsatt av HSB Sk\u00e5ne) Lotta Clarell \u00a0F\u00f6reningsrevisor Lena Erreth (suppl. Eva Maria Jansson) Valberedning \u00a0Sammankallande &hellip; <a href=\"https:\/\/www.fagotten.org\/?page_id=134\" class=\"more-link\">Continue reading <span class=\"screen-reader-text\">Styrelse Brf Fagotten i Lund<\/span> <span class=\"meta-nav\">&rarr;<\/span><\/a><\/p>\n","protected":false},"author":2,"featured_media":141,"parent":0,"menu_order":0,"comment_status":"closed","ping_status":"closed","template":"","meta":[],"_links":{"self":[{"href":"https:\/\/www.fagotten.org\/index.php?rest_route=\/wp\/v2\/pages\/134"}],"collection":[{"href":"https:\/\/www.fagotten.org\/index.php?rest_route=\/wp\/v2\/pages"}],"about":[{"href":"https:\/\/www.fagotten.org\/index.php?rest_route=\/wp\/v2\/types\/page"}],"author":[{"embeddable":true,"href":"https:\/\/www.fagotten.org\/index.php?rest_route=\/wp\/v2\/users\/2"}],"replies":[{"embeddable":true,"href":"https:\/\/www.fagotten.org\/index.php?rest_route=%2Fwp%2Fv2%2Fcomments&post=134"}],"version-history":[{"count":59,"href":"https:\/\/www.fagotten.org\/index.php?rest_route=\/wp\/v2\/pages\/134\/revisions"}],"predecessor-version":[{"id":2322,"href":"https:\/\/www.fagotten.org\/index.php?rest_route=\/wp\/v2\/pages\/134\/revisions\/2322"}],"wp:featuredmedia":[{"embeddable":true,"href":"https:\/\/www.fagotten.org\/index.php?rest_route=\/wp\/v2\/media\/141"}],"wp:attachment":[{"href":"https:\/\/www.fagotten.org\/index.php?rest_route=%2Fwp%2Fv2%2Fmedia&parent=134"}],"curies":[{"name":"wp","href":"https:\/\/api.w.org\/{rel}","templated":true}]}}