{"id":14,"date":"2015-03-24T21:13:39","date_gmt":"2015-03-24T22:13:39","guid":{"rendered":"http:\/\/172.16.0.202:81\/?page_id=14"},"modified":"2025-06-24T09:01:36","modified_gmt":"2025-06-24T10:01:36","slug":"ekonomi","status":"publish","type":"page","link":"https:\/\/www.fagotten.org\/?page_id=14","title":{"rendered":"Ekonomi \/p\u00e5g\u00e5ende projekt (M\u00e4klarinfo)"},"content":{"rendered":"\n<h2><em>Uppdaterad (2025-06-24)<\/em><\/h2>\n\n\n\n<h2>Information om Brf Fagotten i Lund<\/h2>\n\n\n\n<p>F\u00f6reningen best\u00e5r av 268 l\u00e4genheter i olika storlekar. Husen byggdes 1970 och bostadsr\u00e4ttsf\u00f6reningen grundades 1976 n\u00e4r HSB k\u00f6pte fastigheterna. F\u00f6reningen \u00e4ger marken. F\u00f6reningen \u00e4r medlem i HSB Sk\u00e5ne och k\u00f6pare beh\u00f6ver vara medlem i HSB Sk\u00e5ne. Se h\u00e4r f\u00f6r f\u00f6reningens&nbsp;<a title=\"Stadgar\" href=\"https:\/\/www.fagotten.org\/?page_id=142\" target=\"_blank\" rel=\"noopener\">Stadgar<\/a>.<\/p>\n\n\n\n<h2>M\u00e5nadsavgiften<\/h2>\n\n\n\n<p>Avgiften f\u00f6r f\u00f6ljande \u00e5r beslutas i november. M\u00e5nadsavgiften inkluderar<\/p>\n\n\n\n<ul>\n<li>v\u00e4rme,<\/li>\n\n\n\n<li>vatten,<\/li>\n\n\n\n<li>kabel-tv (grundutbud),<\/li>\n\n\n\n<li>bredband<\/li>\n\n\n\n<li>Parkering f\u00f6r en bil.<\/li>\n\n\n\n<li>Bostadsr\u00e4ttstill\u00e4gg till hemf\u00f6rs\u00e4kringen ing\u00e5r ocks\u00e5 under f\u00f6ruts\u00e4ttning att bostadsr\u00e4ttsinnehavaren sj\u00e4lv har en hemf\u00f6rs\u00e4kring.<\/li>\n\n\n\n<li>Se \u00e4ven &#8220;Service f\u00f6r medlemmar&#8221; nedan.<\/li>\n<\/ul>\n\n\n\n<p>Det finns l\u00e4genheter i alla storlekar fr\u00e5n 1:or till 4:or. Storlekarna samt avgift framg\u00e5r av tabellen nedan. Se mer p\u00e5 sidan&nbsp;<a title=\"F\u00f6r Boende\" href=\"https:\/\/www.fagotten.org\/?page_id=142\">F\u00f6r boende<\/a>&nbsp;f\u00f6r mer information omkring vad det inneb\u00e4r att bo i bostadsr\u00e4ttsf\u00f6reningen Fagotten.<\/p>\n\n\n\n<figure class=\"wp-block-table\"><table><tbody><tr><td><b>L\u00e4genhetstyp<\/b><\/td><td>&nbsp;<\/td><td><b>Storlek<\/b><\/td><td>&nbsp;<\/td><td><b>Avgift<\/b> (fr.o.m. 2025-01-01)<\/td><\/tr><tr><td>1 r.o.k.<\/td><td>&nbsp;<\/td><td>37 m\u00b2<\/td><td>&nbsp;<\/td><td><strong>2 823 kr<\/strong><\/td><\/tr><tr><td>2 r.o.k.<\/td><td>&nbsp;<\/td><td>56 m\u00b2<\/td><td>&nbsp;<\/td><td><strong>3 912 kr<\/strong><\/td><\/tr><tr><td>2 r.o.k<\/td><td>&nbsp;<\/td><td>64 m\u00b2<\/td><td>&nbsp;<\/td><td><strong>4 643 kr<\/strong><\/td><\/tr><tr><td>3 r.o.k.<\/td><td>&nbsp;<\/td><td>83,6 m\u00b2<\/td><td>&nbsp;<\/td><td><strong>5 812 kr<\/strong><\/td><\/tr><tr><td>4 r.o.k.<\/td><td>&nbsp;<\/td><td>102,5 m\u00b2<\/td><td>&nbsp;<\/td><td><strong>6 572 kr<\/strong><\/td><\/tr><\/tbody><\/table><\/figure>\n\n\n\n<h2>Service f\u00f6r medlemmar<\/h2>\n\n\n\n<p><b>Gemensam El<\/b>&nbsp;via f\u00f6reningen med individuell m\u00e4tning och betalning. F\u00f6reningen tar ut en administrativ avgift, f\u00f6r n\u00e4rvarande 40 kr (feb 2022). Det inneb\u00e4r en betydande besparing f\u00f6r bostadsr\u00e4ttsinnehavaren d\u00e5 denne spar in den fasta avgiften till n\u00e4tbolaget (Kraftringen). F\u00f6reningens bostadsr\u00e4ttsinnehavare drar \u00e4ven nytta av att f\u00f6reningen tar del av HSB-f\u00f6rhandlade ramavtalspriser.<\/p>\n\n\n\n<p><b>Tv<\/b><b>\u00e4ttstugor<\/b>&nbsp;finns i varje trappuppg\u00e5ng. De har en tv\u00e4ttmaskin, en torktumlare, ett torksk\u00e5p samt en mangel. En grovtv\u00e4ttstuga f\u00f6r tv\u00e4tt av mattor finns ocks\u00e5 i k\u00e4llaren till Fl\u00f6jtv\u00e4gen 6A.<\/p>\n\n\n\n<p><b>Cykelf<\/b><b>\u00f6rr<\/b><b>\u00e5d<\/b>&nbsp;finns i k\u00e4llaren Fl\u00f6jtv\u00e4gen 20 och cykelst\u00e4ll med tak.<\/p>\n\n\n\n<figure class=\"wp-block-table\"><table><tbody><tr><td><b>Tj<\/b><b>\u00e4nst f\u00f6r medlemmar<\/b><\/td><td><b>Avgift<\/b>&nbsp;(fr.o.m. 2025-01-01)<\/td><\/tr><tr><td>Bredband via eget n\u00e4tverk<\/td><td>Ing\u00e5r i m\u00e5nadsavgiften<\/td><\/tr><tr><td>Kabel-tv via Comhem<\/td><td>Grundutbudet ing\u00e5r i m\u00e5nadsavgiften<\/td><\/tr><tr><td>Parkering f\u00f6r en bil<\/td><td>Ing\u00e5r i m\u00e5nadsavgiften<\/td><\/tr><tr><td>Laddstolpar f\u00f6r el-\/hybridbil<\/td><td>100 kr\/m\u00e5nad (kostnad f\u00f6r konsumerad el tillkommer)<\/td><\/tr><tr><td>Plats f\u00f6r MC i garage<\/td><td>178 kr\/m\u00e5nad<\/td><\/tr><tr><td>Hyra Bastu (1 p\u00e5 omr\u00e5det)<\/td><td>Ing\u00e5r i m\u00e5nadsavgiften<\/td><\/tr><tr><td>Hyra F\u00f6reningslokal<\/td><td>250 kr\/per tillf\u00e4lle<\/td><\/tr><tr><td>Odlingslott stor<\/td><td>220 kr\/\u00e5r (K\u00f6lista till\u00e4mpas)<\/td><\/tr><tr><td>Odlingslott liten<\/td><td>110 kr\/\u00e5r (k\u00f6lista till\u00e4mpas)<\/td><\/tr><tr><td>K\u00e4llarf\u00f6rr\u00e5d<\/td><td>118 kr\/m\u00e5nad (k\u00f6lista till\u00e4mpas)<\/td><\/tr><\/tbody><\/table><\/figure>\n\n\n\n<p>Kontakta f\u00f6rvaltare f\u00f6r att st\u00e4lla dig i k\u00f6<\/p>\n\n\n\n<h2>Underh\u00e5ll<\/h2>\n\n\n\n<p>F\u00f6reningen arbetar med en l\u00e5ngsiktig plan f\u00f6r underh\u00e5ll, som \u00e5rligen uppdateras med st\u00f6d av HSB Sk\u00e5ne, f\u00f6r att kunna planera underh\u00e5llet \u00f6ver tid och h\u00e5lla fastigheterna i gott skick. Energibesiktning genomf\u00f6rdes 2019.<\/p>\n\n\n\n<h2>Planerat\/P\u00e5b\u00f6rjat underh\u00e5ll<\/h2>\n\n\n\n<p>Inget st\u00f6rre underh\u00e5ll planerat just nu. <\/p>\n\n\n\n<h2>Tidigare st\u00f6rre underh\u00e5lls\u00e5tg\u00e4rder<\/h2>\n\n\n\n<p><strong>2024<\/strong><\/p>\n\n\n\n<ul>\n<li>Vatten och avloppsprojekt (Relining) i huskropparna.\n<ul>\n<li>Efter noggranna unders\u00f6kningar av statusen p\u00e5 f\u00f6reningens olika r\u00f6rsystem, har styrelsen fattat f\u00f6ljande beslut om \u00e5tg\u00e4rder att genomf\u00f6ra i v\u00e5r bostadsr\u00e4ttsf\u00f6rening.\n<ul>\n<li><strong>A. Beslut att renovera Spillvattens-\/Avloppsr\u00f6r i f\u00f6reningen.&nbsp;<\/strong> Huvudmetod: Relining.<\/li>\n\n\n\n<li><strong>B. Tappvatten.&nbsp;<\/strong> Beslut taget att inga \u00e5tg\u00e4rder vidtas i tappvattenledningar till l\u00e4genheter eftersom dom har visat sig vara i gott skick. R\u00f6ren kontrolleras kontinuerligt av v\u00e5r vaktm\u00e4stare.<\/li>\n\n\n\n<li><strong>C. \u00c5tg\u00e4rder Spillvattens-\/Avloppsr\u00f6r Tv\u00e4ttstugor.<\/strong>&nbsp;Kommer hanteras senare och separat d\u00e5 det ej p\u00e5verkar \u00f6vriga projekt eller l\u00e4genheterna. Se mer information i tidigare post fr\u00e5n medlemsm\u00f6te v\u00e5ren 2022 h\u00e4r:&nbsp;<a href=\"https:\/\/wp.me\/p6ezHh-mu\">Info fr\u00e5n medlemsm\u00f6te v\u00e5ren 2022<\/a><\/li>\n\n\n\n<li><strong>F\u00f6reningen har i samr\u00e5d med Projektledare tagit fram instruktioner f\u00f6r badrumsrenovering som m\u00e5ste f\u00f6ljas &#8211; de kan hittas h\u00e4r p\u00e5 sidan f\u00f6r Ans\u00f6kningar och Blanketter: <a title=\"Ans\u00f6kningar &amp; Blanketter\" href=\"https:\/\/wp.me\/P6ezHh-db\">&#8220;Ans\u00f6kningar &amp; Blanketter&#8221;<\/a><\/strong><\/li>\n<\/ul>\n<\/li>\n<\/ul>\n<\/li>\n<\/ul>\n\n\n\n<p><strong>2023<\/strong><\/p>\n\n\n\n<ul>\n<li>Byte av nya belysningsarmaturer i trappuppg\u00e5ngarna till LED &#8211; lampor anledning:mycket lampor som g\u00e5r s\u00f6nder h\u00f6ga rep kostnader, minskad elf\u00f6rbrukning vid \u00f6verg\u00e5ng till LED-lampor.<\/li>\n<\/ul>\n\n\n\n<p><strong>2022<\/strong><\/p>\n\n\n\n<ul>\n<li>Byte av alla garageportar.<\/li>\n\n\n\n<li>M\u00e5lning och reng\u00f6ring av f\u00f6nster och pl\u00e5tar \u00f6ver tv\u00e4ttstugorna: Anledningen l\u00e4ngre livsl\u00e4ngd och ser trevligare ut. (uppskattad kostnad ca 250 000-350 000 kr)<\/li>\n\n\n\n<li>Byte av alla Tv\u00e4ttmaskiner och Torktumlare, kostnad ca 80 000 \/ tv\u00e4ttstuga ber\u00e4knad livsl\u00e4ngd 10- 15 \u00e5r enligt Miele ( minskad vatten och elf\u00f6rbrukning).<\/li>\n\n\n\n<li>Byte av v\u00e4rmekulvertar och v\u00e4rmesystem. Kostnad ca 4,5 milj. Ber\u00e4knad livsl\u00e4ngd 40- 50 \u00e5r enligt HSB.<\/li>\n\n\n\n<li>Inga ytterligare markarbete \u00e4r planerade utifr\u00e5n vad vi vet just nu. \u00c5terst\u00e4llning av mark efter kulvertledningsbyte kommer ske under \u00e5ret.<\/li>\n\n\n\n<li>Obligatorisk ventilationskontroll (OVK).<\/li>\n<\/ul>\n\n\n\n<p><strong>2021 &#8211;&nbsp;<\/strong>&nbsp;Fortsatt studie av v\u00e4rme- tappvatten- och spillvattensystem.&nbsp;Projektet med bytet av kulvertledningar avslutat och slutbesiktning g\u00f6rs den 12 Januari 2022.&nbsp;M\u00e5lat milj\u00f6hus,&nbsp;Rensat h\u00e4ngr\u00e4nnor och fotograferat trasiga takpannor, Besiktning av balkonger. Ny belysning med sensoravk\u00e4nning i tv\u00e4ttstugor.&nbsp;Nya cylinderl\u00e5s till el sk\u00e5pen p\u00e5 g\u00e5rd 2\u20138 och g\u00e5rd 10\u201316.&nbsp;Taks\u00e4kerhetsbesiktning gjord.&nbsp;Lekplatsbesiktning utf\u00f6rd.&nbsp;Rensat ventilationskanaler<\/p>\n\n\n\n<p><strong>2020<\/strong> &#8211; F\u00f6rstudie av v\u00e4rme- tappvatten- och spillvattensystem. Byte av cirkulationspumpar och expansionsk\u00e4rl i undercentralen. Nya fastighetscentraler f\u00f6r el (med jordfelsbrytare). Reparation av parkeringsplatsernas asfaltering. Renovering av lekplatser. Kanalrensning inf\u00f6r OVK.<\/p>\n\n\n\n<p><b>2019<\/b> \u2013 Radonm\u00e4tning. Asfaltering av resterande tv\u00e5 g\u00e5rdar samt centralplanen inne i omr\u00e5det. Fortsatta lagningar av fogar i tegelfasaden. Byte av ett antal f\u00f6nsterbalkar. Installation av 16 laddenheter f\u00f6r el- och elhybridbilar. \u00d6verg\u00e5ng till gemensam el med individuell m\u00e4tning<\/p>\n\n\n\n<p><b>2018<\/b> \u2013 Omfattande lagningar av fogar i tegelfasaden. Till\u00e4ggsbelysning utomhus. Asfaltering av tv\u00e5 g\u00e5rdar<\/p>\n\n\n\n<p><b>2017<\/b> \u2013 Asfaltering av tv\u00e5 g\u00e5rdar<\/p>\n\n\n\n<p><b>2016\/17<\/b> \u2013 Byte av alla belysningsstolpar (f\u00f6rutom dem p\u00e5 parkering). Byte av all utebelysning till LED-armatur<\/p>\n\n\n\n<p><b>2015<\/b> \u2013 Asfaltsarbete vid rondeller med anslutande infart genomf\u00f6rt. Avslutat arbete med entr\u00e9erna. Pl\u00e5tarbeten genomf\u00f6rda f\u00f6r b\u00e4ttre avrinning fr\u00e5n entr\u00e9taken. Bytte av trasiga dagvattenledningar runt hus 12<\/p>\n\n\n\n<p><b>2013\/14<\/b> \u2013 Nya entr\u00e9partier i trappuppg\u00e5ngar. L\u00e5ssystem med taggar. OVK<\/p>\n\n\n\n<p><b>2012<\/b> \u2013 Underh\u00e5ll av krypgrunder och lagning\/byte av delar av avloppsledningarna. Ventilation i tv\u00e4ttstugor<\/p>\n\n\n\n<p><b>2009<\/b> \u2013 Balkongerna renoverades med ny v\u00e4gg mot l\u00e4genheten, nytt f\u00f6nster och ny d\u00f6rr<\/p>\n\n\n\n<h2>F\u00f6rv\u00e4rv av bostadsr\u00e4tt i BRF Fagotten<\/h2>\n\n\n\n<ul>\n<li>F\u00f6reningen till\u00e5ter inte f\u00f6rv\u00e4rv av juridisk person. F\u00f6reningen till\u00e5ter delat innehav f\u00f6r\u00e4ldrar\/barn, men den som bor i l\u00e4genheten b\u00f6r inneha minst 10%.<\/li>\n\n\n\n<li>\u00d6verl\u00e5telseavgift 2,5% av ett prisbasbelopp som betalas av s\u00e4ljaren<\/li>\n\n\n\n<li>Pants\u00e4ttningsavgift 1% av ett prisbasbelopp<\/li>\n<\/ul>\n\n\n\n<h2>Tillsyn<\/h2>\n\n\n\n<p>F\u00f6reningen g\u00f6r en tillsyn i samband med \u00f6verl\u00e5telsen. S\u00e4ljaren bokar tid med f\u00f6rvaltaren. B\u00e5de s\u00e4ljare och k\u00f6pare ska n\u00e4rvara vid tillsynen. Observera att tillsynen <b>inte<\/b> \u00e4r en besiktning och att k\u00f6paren har ett omfattande ansvar att unders\u00f6ka l\u00e4genheten.<\/p>\n\n\n\n<h2>Fastighetsf\u00f6rvaltning<\/h2>\n\n\n\n<p>Den tekniska f\u00f6rvaltningen av fastigheterna sk\u00f6ts av Bredablick F\u00f6rvaltnings AB medan ekonomiadministrationen hanteras av HSB Sk\u00e5ne.<\/p>\n\n\n\n<h2>Ans\u00f6kan om medlemskap<\/h2>\n\n\n\n<p>Ans\u00f6kan l\u00e4mnas in via HSB Sk\u00e5ne via m\u00e4klarwebben. F\u00f6reningen fattar vanligtvis beslut inom tv\u00e5 veckor men ibland kan det beh\u00f6vas kompletterande information, vilket g\u00f6r att det kan ta l\u00e4ngre tid.<\/p>\n\n\n\n<h2>Fr\u00e5gor<\/h2>\n\n\n\n<p>Vid fr\u00e5gor, kontakta v\u00e5r f\u00f6rvaltare via kontaktformul\u00e4r p\u00e5 Bredablicks hemsida (ange Brf Fagotten) <a href=\"https:\/\/bredablickgruppen.se\/forvaltning\/#kontakt\">https:\/\/bredablickgruppen.se\/forvaltning\/#kontakt<\/a><\/p>\n\n\n\n<h2>Ekonomi<\/h2>\n\n\n\n<p>F\u00f6reningens finanser kan anses vara stabila med ett f\u00f6rv\u00e4ntat positivt r\u00f6relseresultat f\u00f6r 2024. Men husen \u00e4r \u00f6ver 50 \u00e5r gamla och vi st\u00e5r inf\u00f6r flera renoveringar de n\u00e4rmaste \u00e5ren. Inga st\u00f6rre h\u00f6jningar planerade just nu.<\/p>\n\n\n\n<p><em>Nedan f\u00f6ljer de tio senaste \u00e5rens \u00e5rsredovisningar<\/em><\/p>\n\n\n\n<p><a href=\"https:\/\/www.fagotten.org\/wp-content\/uploads\/2025\/05\/Publik-arsredovisning.pdf\">\u00c5rsredovisning<\/a> 2024<\/p>\n\n\n\n<p><a href=\"https:\/\/www.fagotten.org\/wp-content\/uploads\/2024\/05\/Arsredovisning2023BrfFagotten-compressed.pdf\" target=\"_blank\" rel=\"noopener\">\u00c5rsredovisning 2023<\/a><\/p>\n\n\n\n<p><a href=\"https:\/\/www.fagotten.org\/wp-content\/uploads\/2015\/03\/Arsredovisning2022BrfFagotten-compressed.pdf\">\u00c5rsredovisning 2022<\/a><\/p>\n\n\n\n<p><a href=\"https:\/\/www.fagotten.org\/wp-content\/uploads\/2015\/03\/873.-BRF-Fagotten-2021-compressed.pdf\">\u00c5rsredovisning 2021<\/a><\/p>\n\n\n\n<p><a href=\"https:\/\/www.fagotten.org\/wp-content\/uploads\/2022\/02\/873-BRF-Fagotten-a\u030arsredovisning-2020_v1.pdf\">\u00c5rsredovisning 2020<\/a><\/p>\n\n\n\n<p><a href=\"https:\/\/www.fagotten.org\/wp-content\/uploads\/2015\/03\/1_873-Fagotten-\u00e5rsredovisning-2019.pdf\">\u00c5rsredovisning 2019, del 1<\/a>; <a href=\"https:\/\/www.fagotten.org\/wp-content\/uploads\/2015\/03\/2_873-Fagotten-\u00e5rsredovisning-2019.pdf\">\u00c5rsredovisning 2019, del 2<\/a><\/p>\n\n\n\n<p><a href=\"https:\/\/www.fagotten.org\/wp-content\/uploads\/2015\/03\/873-Fagotten-A\u030arsredovisning-2018-1.pdf\">\u00c5rsredovisning 2018<\/a><\/p>\n\n\n\n<p><a href=\"https:\/\/www.fagotten.org\/wp-content\/uploads\/2015\/03\/Brf-Fagotten-A\u030arsredovisning-2017.pdf\">\u00c5rsredovisning 2017<\/a><\/p>\n\n\n\n<p><a title=\"Brf Fagotten \u00c5rsredovisning 2016\" href=\"https:\/\/www.fagotten.org\/wp-content\/uploads\/2015\/03\/873-Fagotten-A\u030arsredovisning-2016-1.pdf\" target=\"_blank\" rel=\"noopener\">\u00c5rsredovisning 2016<\/a><\/p>\n\n\n\n<p><a title=\"\u00c5rsredovisning 2015\" href=\"https:\/\/drive.google.com\/file\/d\/0B5MvRBdpqB5Sb3JLUzhZblRwMmM\/view?usp=sharing\" target=\"_blank\" rel=\"noopener\">\u00c5rsredovisning 2015<\/a><\/p>\n\n\n\n<p><a title=\"\u00c5rsredovisning 2014\" href=\"\/wp-content\/uploads\/2015\/07\/\u00c5R2014_1.pdf\">\u00c5rsredovisning 2014<\/a><\/p>\n\n\n\n<p><a href=\"\/wp-content\/uploads\/2015\/04\/\u00c5r2013.pdf\">\u00c5rsredovisning 2013<\/a><\/p>\n\n\n\n<p><a href=\"\/wp-content\/uploads\/2015\/04\/\u00c5R2012_1.pdf\">\u00c5rsredovisning 2012<\/a><\/p>\n\n\n\n<p><a href=\"\/wp-content\/uploads\/2015\/04\/\u00c5R2011_1.pdf\">\u00c5rsredovisning 2011<\/a><\/p>\n\n\n\n<p><a href=\"\/wp-content\/uploads\/2015\/04\/\u00c5R2010_1.pdf\">\u00c5rsredovisning 2010<\/a><\/p>\n\n\n\n<p><a href=\"\/wp-content\/uploads\/2015\/04\/\u00c5R2009_1.pdf\">\u00c5rsredovisning 2009<\/a><\/p>\n\n\n\n<p><a href=\"\/wp-content\/uploads\/2015\/04\/\u00c5R2008_1.pdf\">\u00c5rsredovisning 2008<\/a><\/p>\n","protected":false},"excerpt":{"rendered":"<p>Uppdaterad (2025-06-24) Information om Brf Fagotten i Lund F\u00f6reningen best\u00e5r av 268 l\u00e4genheter i olika storlekar. Husen byggdes 1970 och bostadsr\u00e4ttsf\u00f6reningen grundades 1976 n\u00e4r HSB k\u00f6pte fastigheterna. F\u00f6reningen \u00e4ger marken. F\u00f6reningen \u00e4r medlem i HSB Sk\u00e5ne och k\u00f6pare beh\u00f6ver vara medlem i HSB Sk\u00e5ne. Se h\u00e4r f\u00f6r f\u00f6reningens&nbsp;Stadgar. M\u00e5nadsavgiften Avgiften f\u00f6r f\u00f6ljande \u00e5r beslutas i &hellip; <a href=\"https:\/\/www.fagotten.org\/?page_id=14\" class=\"more-link\">Continue reading <span class=\"screen-reader-text\">Ekonomi \/p\u00e5g\u00e5ende projekt (M\u00e4klarinfo)<\/span> <span class=\"meta-nav\">&rarr;<\/span><\/a><\/p>\n","protected":false},"author":2,"featured_media":37,"parent":0,"menu_order":1,"comment_status":"closed","ping_status":"closed","template":"","meta":[],"_links":{"self":[{"href":"https:\/\/www.fagotten.org\/index.php?rest_route=\/wp\/v2\/pages\/14"}],"collection":[{"href":"https:\/\/www.fagotten.org\/index.php?rest_route=\/wp\/v2\/pages"}],"about":[{"href":"https:\/\/www.fagotten.org\/index.php?rest_route=\/wp\/v2\/types\/page"}],"author":[{"embeddable":true,"href":"https:\/\/www.fagotten.org\/index.php?rest_route=\/wp\/v2\/users\/2"}],"replies":[{"embeddable":true,"href":"https:\/\/www.fagotten.org\/index.php?rest_route=%2Fwp%2Fv2%2Fcomments&post=14"}],"version-history":[{"count":120,"href":"https:\/\/www.fagotten.org\/index.php?rest_route=\/wp\/v2\/pages\/14\/revisions"}],"predecessor-version":[{"id":2309,"href":"https:\/\/www.fagotten.org\/index.php?rest_route=\/wp\/v2\/pages\/14\/revisions\/2309"}],"wp:featuredmedia":[{"embeddable":true,"href":"https:\/\/www.fagotten.org\/index.php?rest_route=\/wp\/v2\/media\/37"}],"wp:attachment":[{"href":"https:\/\/www.fagotten.org\/index.php?rest_route=%2Fwp%2Fv2%2Fmedia&parent=14"}],"curies":[{"name":"wp","href":"https:\/\/api.w.org\/{rel}","templated":true}]}}