{"id":142,"date":"2015-04-06T18:32:29","date_gmt":"2015-04-06T18:32:29","guid":{"rendered":"http:\/\/172.16.0.202:81\/?page_id=142"},"modified":"2026-04-08T10:56:02","modified_gmt":"2026-04-08T11:56:02","slug":"for-boende","status":"publish","type":"page","link":"https:\/\/www.fagotten.org\/?page_id=142","title":{"rendered":"F\u00f6r Boende\/Fagotten ABC\/Fagottinfo"},"content":{"rendered":"<div align=\"center\">\n<h1><span style=\"color: #003366;\">F\u00f6r boende inom f\u00f6reningen<\/span><\/h1>\n<\/div>\n<p><b>Information om uthyrning<\/b><\/p>\n<p><span style=\"font-weight: 400;\">Hotellverksamhet eller korttidsuthyrning via plattformar som Airbnb (\u00e4ven kallat R&amp;BB) inte \u00e4r till\u00e5ten i v\u00e5r f\u00f6rening. Detta strider mot f\u00f6reningens stadgar och kan orsaka st\u00f6rningar f\u00f6r \u00f6vriga boende.<\/span><\/p>\n<p><span style=\"font-weight: 400;\"><strong><b>Endast andrahandsuthyrning som godk\u00e4nts av styrelsen \u00e4r till\u00e5ten<\/b><\/strong>\u00a0\u2013 ans\u00f6kan ska l\u00e4mnas skriftligen och godk\u00e4nnas innan uthyrning f\u00e5r p\u00e5b\u00f6rjas.<\/span><\/p>\n<p><span style=\"font-weight: 400;\">Observera att tillst\u00e5nd kr\u00e4vs \u00e4ven i situationer d\u00e4r bostadsr\u00e4ttshavaren l\u00e5ter n\u00e5gon annan nyttja l\u00e4genheten sj\u00e4lvst\u00e4ndigt, \u00e4ven om ingen hyra tas ut. Detta r\u00e4knas som andrahandsuthyrning enligt bostadsr\u00e4ttslagen.<\/span><\/p>\n<p><span style=\"font-weight: 400;\">Syftet \u00e4r att v\u00e4rna om en trygg och trivsam boendemilj\u00f6 f\u00f6r alla.<\/span><\/p>\n<p><span style=\"font-weight: 400;\">L\u00e4s g\u00e4rna mer p\u00e5 v\u00e5r<\/span> <span style=\"font-weight: 400;\">hemsida och i f\u00f6reningens stadgar (l\u00e4ngre ner p\u00e5 sidan)<\/span><span style=\"font-weight: 400;\"> f\u00f6r fullst\u00e4ndig information<\/span><\/p>\n<p><strong>Internet och parkering<\/strong><\/p>\n<ul>\n<li>Internet finns i huset. Du beh\u00f6ver bara en egen router \u2013 koppla in n\u00e4tverkskabeln i<br \/>uttaget, s\u00e5 har du internet direkt.<\/li>\n<li>Varje l\u00e4genhet har r\u00e4tt till ett (1) parkeringstillst\u00e5nd.<\/li>\n<\/ul>\n<p><strong>Ans\u00f6kningar och Blanketter<\/strong><\/p>\n<ul>\n<li>Till exempel instruktioner f\u00f6r Badrumsrenovering, Balkongutbyggnad, ins\u00e4ttning av nya F\u00f6nster etc<\/li>\n<li>Se mer p\u00e5 sidan\u00a0<a title=\"Ans\u00f6kningar och Blanketter\" href=\"https:\/\/www.fagotten.org\/?page_id=817\">Ans\u00f6kningar och Blanketter<\/a><\/li>\n<\/ul>\n<p>&#8212;-<\/p>\n<p><strong>Fagotten-ABC<\/strong><\/p>\n<ul>\n<li>H\u00e4ftet Fagotten ABC inneh\u00e5ller en blandning matnyttig info om allt du beh\u00f6ver veta som boende p\u00e5 Brf Fagotten\n<ul>\n<li><a href=\"https:\/\/www.fagotten.org\/wp-content\/uploads\/2024\/05\/Fagotten-ABC-Suntfornuft-2024-05-01.pdf\" target=\"_blank\" rel=\"noopener\"><b>Fagotten ABC<\/b><\/a><\/li>\n<\/ul>\n<\/li>\n<\/ul>\n<p><b>Felanm\u00e4lan\u00a0<\/b>g\u00f6rs via<\/p>\n<ul>\n<li>Bredablicks hemsida\u00a0<a id=\"m_2179877685487516156LPlnk270865\" href=\"http:\/\/www.bredablickforvaltning.se\/felanmalan\" target=\"_blank\" rel=\"noopener\" data-saferedirecturl=\"https:\/\/www.google.com\/url?q=http:\/\/www.bredablickforvaltning.se\/felanmalan&amp;source=gmail&amp;ust=1672052621823000&amp;usg=AOvVaw3j_j8-ILoW83joydKM-Cb_\">www.bredablickforvaltning.se\/<wbr \/>felanmalan<\/a>\/<\/li>\n<li>telefon 010-177 59 00 (8.30-16.00)<b>. (<\/b>Vid akuta \u00e4renden utanf\u00f6r kontorstid anv\u00e4nds detta telefonnummer ocks\u00e5.)<\/li>\n<\/ul>\n<p><b>\u00a0<\/b>&#8212;<\/p>\n<p><b>Stadgar<\/b><\/p>\n<ul>\n<li>Som bostadr\u00e4ttsinnehavare ska man ta del av f\u00f6reningens stadgar (se h\u00e4r f\u00f6r f\u00f6reningens stadgar <a href=\"https:\/\/www.fagotten.org\/wp-content\/uploads\/2024\/12\/Stadgar-Fagotten-241210-sida-1-8.pdf\">s.1-8<\/a> samt <a href=\"https:\/\/www.fagotten.org\/wp-content\/uploads\/2024\/12\/Stadgar-Fagotten-241210-sida-9-17.pdf\">s. 9-17<\/a>)<\/li>\n<li>S\u00e4rskilt avsnittet\u00a0<b>Bostadsr\u00e4ttsinnehavarens r\u00e4ttigheter och skyldigheter \u00e4r viktigt vara insatt i.<\/b><\/li>\n<\/ul>\n<p>&#8212;<\/p>\n<p><strong>F\u00f6reningsekonomi och m\u00e4klarinfo<\/strong><\/p>\n<ul>\n<li><a title=\"M\u00e4klarinfo\" href=\"https:\/\/www.fagotten.org\/?page_id=14\">Se h\u00e4r f\u00f6r mer info om underh\u00e5ll, ekonomi och p\u00e5g\u00e5ende projekt<\/a><\/li>\n<\/ul>\n<p>&#8212;-<\/p>\n<p><span style=\"color: #003366;\"><b>F\u00f6reningen leds av<\/b><\/span>\u00a0<a title=\"Styrelse\" href=\"http:\/\/www.fagotten.org\/?page_id=134\">Styrelsen<\/a>. Den ansvarar f\u00f6r f\u00f6rvaltningen av f\u00f6reningens egendom och verksamhet. Styrelsen best\u00e5r av boende och medlemmar i f\u00f6reningen som valt engagera sig och bidra med sin tid och kompetens f\u00f6r att arbeta f\u00f6r b\u00e4sta m\u00f6jliga f\u00f6rvaltning av f\u00f6reningen.<\/p>\n<p>&#8212;-<\/p>\n<p><span style=\"color: #003366;\"><b>V\u00e5r F\u00f6rvaltare hanterar fr\u00e5gor som r\u00f6r dig som medlem <\/b>och \u00a0har expedition i k\u00e4llaren, v\u00e4stra gaveln p\u00e5 Fl\u00f6jtv\u00e4gen 20. F\u00f6rvaltarens kontaktuppgifter hittar du p\u00e5 sidan <a href=\"https:\/\/www.fagotten.org\/?page_id=134\" target=\"_blank\" rel=\"noopener\">Styrelsen<\/a>.<br \/><\/span><\/p>\n<ul>\n<li>Tillsyn i samband med l\u00e4genhetsf\u00f6rs\u00e4ljning-,<\/li>\n<li>Ans\u00f6kan ombyggnation inne i l\u00e4genhet<\/li>\n<li>Tillsyn och ans\u00f6kan badrumsrenovering<\/li>\n<li>Uttag ur inre fonden etc.<\/li>\n<li>Regler f\u00f6r balkongutbyggnad<\/li>\n<li>Regler f\u00f6r extra f\u00f6nsterins\u00e4ttning<\/li>\n<li>\u00a0Regler f\u00f6r anv\u00e4ndning av tv\u00e4ttstugor<\/li>\n<li>Regler f\u00f6r vad som f\u00e5r f\u00f6rvaras i trapphusen<\/li>\n<li>\u00d6verl\u00e5telser<\/li>\n<li>Utdrag ur l\u00e4genhetsregistret\u00a0<\/li>\n<li>Uthyrning av f\u00f6reningens fritidslokal<\/li>\n<li>\u00a0Regler f\u00f6r andrahandsuthyrning<\/li>\n<\/ul>\n<p>&#8212;-<\/p>\n<p><strong>G\u00e5rdsombud<\/strong><\/p>\n<p>Du har som boende m\u00f6jlighet att vara delaktig i hur din g\u00e5rd ser ut. L\u00e4s om de olika m\u00f6jligheterna h\u00e4r\u00a0<a href=\"https:\/\/www.fagotten.org\/wp-content\/uploads\/2015\/04\/G\u00e5rdssk\u00f6tsel-alternativ-1.pdf\">G\u00e5rdsk\u00f6tsel Alternativ 1<\/a>\u00a0och\u00a0 <a href=\"https:\/\/www.fagotten.org\/wp-content\/uploads\/2015\/04\/G\u00e5rdssk\u00f6tsel-alternativ-2.pdf\">Alternativ 2<\/a><a href=\"https:\/\/www.fagotten.org\/wp-content\/uploads\/2015\/04\/G\u00e5rdssk\u00f6tsel-alternativ-2.docx\"><br \/><\/a><\/p>\n<p>&#8212;-<\/p>\n<p><strong>Brandskyddsprotokoll<\/strong><\/p>\n<p><a href=\"https:\/\/www.fagotten.org\/wp-content\/uploads\/2015\/04\/SBA-Protokoll-2020-04-17.pdf\">SBA Protokoll, 2020-04-17<\/a><br \/><a href=\"https:\/\/www.fagotten.org\/wp-content\/uploads\/2015\/04\/SBA-Protokoll-2020-09-22.pdf\">SBA Protokoll, 2020-09-22<\/a><\/p>\n<p>&#8212;-<\/p>\n<p><strong>Rabatter hos Brf Fagotten<\/strong><\/p>\n<div>Som boende och medlem i en HSB-f\u00f6rening har du erbjudande och rabatter p\u00e5 lite olika st\u00e4llen. En sammanst\u00e4llning finns p\u00e5 HSB:s hemsida:<\/div>\n<div><a href=\"https:\/\/www.hsb.se\/skane\/medlem\/privatperson\/medlemserbjudanden\/\" target=\"_blank\" rel=\"noopener\" data-saferedirecturl=\"https:\/\/www.google.com\/url?q=https:\/\/www.hsb.se\/skane\/medlem\/privatperson\/medlemserbjudanden\/&amp;source=gmail&amp;ust=1569513298455000&amp;usg=AFQjCNFRy7xsIkq24t6Ob7sXL5f8CG9VKw\">https:\/\/www.hsb.se\/skane\/<wbr \/>medlem\/privatperson\/<wbr \/>medlemserbjudanden\/<\/a><\/div>\n<div>\u00a0<\/div>\n<div>Du har \u00e4ven erbjudande och rabbatter p\u00e5 vissa tj\u00e4nster. Dessa finns samlade h\u00e4r:<\/div>\n<div><a title=\"https:\/\/www.hsb.se\/skane\/tjanster\/privatperson\/\" href=\"https:\/\/www.hsb.se\/skane\/tjanster\/privatperson\/\" target=\"_blank\" rel=\"noopener\" data-saferedirecturl=\"https:\/\/www.google.com\/url?q=https:\/\/www.hsb.se\/skane\/tjanster\/privatperson\/&amp;source=gmail&amp;ust=1569513298455000&amp;usg=AFQjCNGfMHNIJItriYuOl_79sUMbsTUliQ\">https:\/\/www.hsb.se\/skane\/<wbr \/>tjanster\/privatperson\/<\/a><\/div>\n<div>\u00a0<\/div>\n<div>BRF Fagotten\/Bredablick Rabatt p\u00e5 Colorama i Staffanstorp med 25%<\/div>\n<div>\u00a0<\/div>\n<p>&#8212;-<\/p>\n<p><span style=\"line-height: 1.5;\"><b>H\u00e5llbarhet och milj\u00f6<\/b><\/span><\/p>\n<p><span style=\"line-height: 1.5;\">Vi har v\u00e4l utbyggda milj\u00f6hus och uppmuntrar alla att f\u00f6rs\u00f6ka delta i en s\u00e5 v\u00e4l fungerande sortering av matavfall och annat avfall som m\u00f6jligt. Se nedan f\u00f6r mer information:<\/span><\/p>\n<ul>\n<li><a href=\"wp-content\/uploads\/2015\/05\/Matavfall_i_Fagotten.pdf\">Informationsmaterial<\/a>\u00a0om sortering av matavfall i brf Fagotten (inf\u00f6rs vecka 4\u20135 2011).<\/li>\n<li><a href=\"\/wp-content\/uploads\/2015\/05\/FTI_Info_Engelska_tryck.pdf\">Information in English<\/a>\u00a0about recycling in Fagotten<\/li>\n<\/ul>\n<p>&#8212;<\/p>\n<p><b>Fagottinfo<\/b><\/p>\n<p>Fagott-Info \u00e4r f\u00f6reningens informationsblad som kommer ut i pappersformat till alla medlemmar. Den inneh\u00e5ller en samling av matnyttig information om aktuella \u00e4mnen. M\u00e5nga av dessa \u00e4mnen hamnar \u00a0under \u201cAktuellt\u201d<\/p>\n<ul>\n<li><a href=\"https:\/\/www.fagotten.org\/wp-content\/uploads\/2026\/04\/Fagottinfo-25-4.pdf\">Fagott-Info<\/a> 4 &#8211; 2025<\/li>\n<li><a href=\"https:\/\/www.fagotten.org\/wp-content\/uploads\/2026\/04\/Fagottinfo-25-3.pdf\">Fagott-Info<\/a> 3 &#8211; 2025<\/li>\n<li><a href=\"https:\/\/www.fagotten.org\/wp-content\/uploads\/2026\/04\/Fagottinfo-25-2.pdf\">Fagott-Info<\/a> 2 &#8211; 2025<\/li>\n<li><a href=\"https:\/\/www.fagotten.org\/wp-content\/uploads\/2025\/05\/Fagottinfo-25-1-final.pdf\">Fagott-Info 1 \u2013 2025<\/a><\/li>\n<li><a href=\"https:\/\/www.fagotten.org\/wp-content\/uploads\/2024\/11\/Fagottinfo-24-3-Final.docx\">Fagott-Info 3 \u2013 2024<\/a><\/li>\n<li><a href=\"https:\/\/www.fagotten.org\/wp-content\/uploads\/2024\/08\/Fagottinfo-24-2-Final.pdf\">Fagott-Info 2 \u2013 2024<\/a><\/li>\n<li><a href=\"https:\/\/www.fagotten.org\/wp-content\/uploads\/2024\/05\/Fagottinfo-24-1-Final-1.0.pdf\" target=\"_blank\" rel=\"noopener\">Fagott-Info 1 \u2013 2024<\/a><\/li>\n<li><a href=\"https:\/\/www.fagotten.org\/wp-content\/uploads\/2015\/04\/Fagottinfo-23-3-Final.pdf\">Fagott-Info 3 \u2013 2023<\/a><\/li>\n<li><a href=\"https:\/\/www.fagotten.org\/wp-content\/uploads\/2015\/04\/Fagottinfo-23-2-ver-3-Final.pdf\">Fagott-Info 2 \u2013 2023<\/a><\/li>\n<li><a href=\"https:\/\/www.fagotten.org\/wp-content\/uploads\/2023\/03\/Fagottinfo-23-1-ver-4-final.pdf\">Fagott-Info 1- 2023<\/a><\/li>\n<li><a href=\"https:\/\/www.fagotten.org\/wp-content\/uploads\/2015\/04\/Fagottinfo-22-4-ver-4-Final.pdf\">Fagott-Info 4 \u2013 2022<\/a><\/li>\n<li><a href=\"https:\/\/www.fagotten.org\/wp-content\/uploads\/2015\/04\/Fagottinfo-22-3-ver-2.pdf\">Fagott-Info 3 \u2013 2022<\/a><\/li>\n<li><a href=\"https:\/\/www.fagotten.org\/wp-content\/uploads\/2022\/03\/Fagottinfo-22-2-ver-3.pdf\">Fagott-Info 2 \u2013 2022<\/a><\/li>\n<li><a href=\"https:\/\/www.fagotten.org\/wp-content\/uploads\/2022\/02\/Fagottinfo_22-1_ver_4.pdf\">Fagott-Info 1 \u2013 2022<\/a><\/li>\n<li><a href=\"https:\/\/www.fagotten.org\/wp-content\/uploads\/2015\/04\/Fagottinfo-21-1.pdf\">Fagott-Info 1 \u2013 2021<\/a><\/li>\n<li><a href=\"https:\/\/www.fagotten.org\/wp-content\/uploads\/2015\/04\/Fagottinfo-20-3.pdf\">Fagott-Info 3 \u2013 2020<\/a><\/li>\n<li><a href=\"https:\/\/www.fagotten.org\/wp-content\/uploads\/2015\/04\/Fagottinfo-20-2.pdf\">Fagott-Info 2 \u2013 2020<\/a><\/li>\n<li><a href=\"https:\/\/www.fagotten.org\/wp-content\/uploads\/2020\/02\/FagottInfo20-1.pdf\">Fagott-Info 1 \u2013 2020<\/a><\/li>\n<li><a href=\"https:\/\/www.fagotten.org\/wp-content\/uploads\/2015\/04\/Fagott-Info-19-4-ba%CC%88ttre-bild.pdf\">Fagott<\/a><a href=\"https:\/\/www.fagotten.org\/wp-content\/uploads\/2015\/04\/Fagottinfo-20-3.pdf\">-Info 4 \u2013 2019<\/a><\/li>\n<li><a href=\"https:\/\/www.fagotten.org\/wp-content\/uploads\/2015\/04\/FagottInfo19-3_Final.pdf\">Fagott<\/a><a href=\"https:\/\/www.fagotten.org\/wp-content\/uploads\/2015\/04\/Fagottinfo-20-3.pdf\">-Info 3 \u2013 2019<\/a><\/li>\n<li><a href=\"https:\/\/www.fagotten.org\/wp-content\/uploads\/2015\/04\/Microsoft-Word-FagottInfo19-2_Final.pdf\">Fagott<\/a><a href=\"https:\/\/www.fagotten.org\/wp-content\/uploads\/2015\/04\/Fagottinfo-20-3.pdf\">-Info 2 \u2013 2019<\/a><\/li>\n<li><a href=\"https:\/\/www.fagotten.org\/wp-content\/uploads\/2015\/04\/Microsoft-Word-FagottInfo18-4_Final.doc-2.pdf\">F<\/a><a href=\"https:\/\/www.fagotten.org\/wp-content\/uploads\/2015\/04\/FagottInfo19-1_Final.pdf\">agott<\/a><a href=\"https:\/\/www.fagotten.org\/wp-content\/uploads\/2015\/04\/Fagottinfo-20-3.pdf\">-Info 1 \u2013 2019<\/a><\/li>\n<\/ul>\n<p><style type=\"text\/css\"><!--\np.p1 {margin: 0.0px 0.0px 0.0px 0.0px; font: 18.0px 'Marker Felt'; -webkit-text-stroke: #000000} span.s1 {font-kerning: none}\n--><\/style><\/p>\n\n\n<p><\/p>\n","protected":false},"excerpt":{"rendered":"<p>F\u00f6r boende inom f\u00f6reningen Information om uthyrning Hotellverksamhet eller korttidsuthyrning via plattformar som Airbnb (\u00e4ven kallat R&amp;BB) inte \u00e4r till\u00e5ten i v\u00e5r f\u00f6rening. Detta strider mot f\u00f6reningens stadgar och kan orsaka st\u00f6rningar f\u00f6r \u00f6vriga boende. Endast andrahandsuthyrning som godk\u00e4nts av styrelsen \u00e4r till\u00e5ten\u00a0\u2013 ans\u00f6kan ska l\u00e4mnas skriftligen och godk\u00e4nnas innan uthyrning f\u00e5r p\u00e5b\u00f6rjas. Observera att &hellip; <a href=\"https:\/\/www.fagotten.org\/?page_id=142\" class=\"more-link\">Continue reading <span class=\"screen-reader-text\">F\u00f6r Boende\/Fagotten ABC\/Fagottinfo<\/span> <span class=\"meta-nav\">&rarr;<\/span><\/a><\/p>\n","protected":false},"author":2,"featured_media":0,"parent":0,"menu_order":0,"comment_status":"closed","ping_status":"closed","template":"","meta":[],"_links":{"self":[{"href":"https:\/\/www.fagotten.org\/index.php?rest_route=\/wp\/v2\/pages\/142"}],"collection":[{"href":"https:\/\/www.fagotten.org\/index.php?rest_route=\/wp\/v2\/pages"}],"about":[{"href":"https:\/\/www.fagotten.org\/index.php?rest_route=\/wp\/v2\/types\/page"}],"author":[{"embeddable":true,"href":"https:\/\/www.fagotten.org\/index.php?rest_route=\/wp\/v2\/users\/2"}],"replies":[{"embeddable":true,"href":"https:\/\/www.fagotten.org\/index.php?rest_route=%2Fwp%2Fv2%2Fcomments&post=142"}],"version-history":[{"count":127,"href":"https:\/\/www.fagotten.org\/index.php?rest_route=\/wp\/v2\/pages\/142\/revisions"}],"predecessor-version":[{"id":2478,"href":"https:\/\/www.fagotten.org\/index.php?rest_route=\/wp\/v2\/pages\/142\/revisions\/2478"}],"wp:attachment":[{"href":"https:\/\/www.fagotten.org\/index.php?rest_route=%2Fwp%2Fv2%2Fmedia&parent=142"}],"curies":[{"name":"wp","href":"https:\/\/api.w.org\/{rel}","templated":true}]}}