{"id":2221,"date":"2025-05-02T09:45:23","date_gmt":"2025-05-02T10:45:23","guid":{"rendered":"https:\/\/www.fagotten.org\/?page_id=2221"},"modified":"2025-05-31T14:14:23","modified_gmt":"2025-05-31T15:14:23","slug":"leverantorer","status":"publish","type":"page","link":"https:\/\/www.fagotten.org\/?page_id=2221","title":{"rendered":"Leverant\u00f6rer"},"content":{"rendered":"\n<figure class=\"wp-block-table is-style-stripes\"><table><tbody><tr><td>Teknisk f\u00f6rvaltning<\/td><td>Bredablick<\/td><\/tr><tr><td>Ekonomisk f\u00f6rvaltning<\/td><td>HSB Sk\u00e5ne<\/td><\/tr><tr><td>Utemilj\u00f6<\/td><td>Din utemilj\u00f6<\/td><\/tr><tr><td>F\u00f6rs\u00e4kring<\/td><td>L\u00e4nsf\u00f6rs\u00e4kringar<\/td><\/tr><tr><td>Renh\u00e5llning<\/td><td>Lunds renh\u00e5llningsverk<\/td><\/tr><tr><td>Sn\u00f6r\u00f6jning<\/td><td>Bredablick<\/td><\/tr><tr><td>Bredband<\/td><td>Telenor<\/td><\/tr><tr><td>TV<\/td><td>Tele2\/ Com Hem<\/td><\/tr><\/tbody><\/table><\/figure>\n","protected":false},"excerpt":{"rendered":"<p>Teknisk f\u00f6rvaltning Bredablick Ekonomisk f\u00f6rvaltning HSB Sk\u00e5ne Utemilj\u00f6 Din utemilj\u00f6 F\u00f6rs\u00e4kring L\u00e4nsf\u00f6rs\u00e4kringar Renh\u00e5llning Lunds renh\u00e5llningsverk Sn\u00f6r\u00f6jning Bredablick Bredband Telenor TV Tele2\/ Com Hem<\/p>\n","protected":false},"author":12,"featured_media":0,"parent":0,"menu_order":0,"comment_status":"closed","ping_status":"closed","template":"","meta":[],"_links":{"self":[{"href":"https:\/\/www.fagotten.org\/index.php?rest_route=\/wp\/v2\/pages\/2221"}],"collection":[{"href":"https:\/\/www.fagotten.org\/index.php?rest_route=\/wp\/v2\/pages"}],"about":[{"href":"https:\/\/www.fagotten.org\/index.php?rest_route=\/wp\/v2\/types\/page"}],"author":[{"embeddable":true,"href":"https:\/\/www.fagotten.org\/index.php?rest_route=\/wp\/v2\/users\/12"}],"replies":[{"embeddable":true,"href":"https:\/\/www.fagotten.org\/index.php?rest_route=%2Fwp%2Fv2%2Fcomments&post=2221"}],"version-history":[{"count":4,"href":"https:\/\/www.fagotten.org\/index.php?rest_route=\/wp\/v2\/pages\/2221\/revisions"}],"predecessor-version":[{"id":2287,"href":"https:\/\/www.fagotten.org\/index.php?rest_route=\/wp\/v2\/pages\/2221\/revisions\/2287"}],"wp:attachment":[{"href":"https:\/\/www.fagotten.org\/index.php?rest_route=%2Fwp%2Fv2%2Fmedia&parent=2221"}],"curies":[{"name":"wp","href":"https:\/\/api.w.org\/{rel}","templated":true}]}}