{"id":28,"date":"2015-03-24T21:37:45","date_gmt":"2015-03-24T21:37:45","guid":{"rendered":"http:\/\/172.16.0.202:81\/?page_id=28"},"modified":"2024-05-20T13:29:26","modified_gmt":"2024-05-20T14:29:26","slug":"flytta-hit","status":"publish","type":"page","link":"https:\/\/www.fagotten.org\/?page_id=28","title":{"rendered":"Flytta hit?"},"content":{"rendered":"<p><span style=\"color: #003366;\"><b>\u00c4r du m\u00e4klare eller nyfiken<\/b><\/span> p\u00e5 att flytta hit? Det finns l\u00e4genheter i alla storlekar fr\u00e5n 1:or till 4:or. Se mer p\u00e5 sidan <a title=\"F\u00f6r Boende\" href=\"https:\/\/www.fagotten.org\/?page_id=142\">F\u00f6r boende<\/a> f\u00f6r mer information omkring vad det inneb\u00e4r att bo i bostadsr\u00e4ttsf\u00f6reningen Fagotten.<\/p>\n","protected":false},"excerpt":{"rendered":"<p>\u00c4r du m\u00e4klare eller nyfiken p\u00e5 att flytta hit? Det finns l\u00e4genheter i alla storlekar fr\u00e5n 1:or till 4:or. Se mer p\u00e5 sidan F\u00f6r boende f\u00f6r mer information omkring vad det inneb\u00e4r att bo i bostadsr\u00e4ttsf\u00f6reningen Fagotten.<\/p>\n","protected":false},"author":2,"featured_media":37,"parent":0,"menu_order":0,"comment_status":"closed","ping_status":"closed","template":"","meta":[],"_links":{"self":[{"href":"https:\/\/www.fagotten.org\/index.php?rest_route=\/wp\/v2\/pages\/28"}],"collection":[{"href":"https:\/\/www.fagotten.org\/index.php?rest_route=\/wp\/v2\/pages"}],"about":[{"href":"https:\/\/www.fagotten.org\/index.php?rest_route=\/wp\/v2\/types\/page"}],"author":[{"embeddable":true,"href":"https:\/\/www.fagotten.org\/index.php?rest_route=\/wp\/v2\/users\/2"}],"replies":[{"embeddable":true,"href":"https:\/\/www.fagotten.org\/index.php?rest_route=%2Fwp%2Fv2%2Fcomments&post=28"}],"version-history":[{"count":26,"href":"https:\/\/www.fagotten.org\/index.php?rest_route=\/wp\/v2\/pages\/28\/revisions"}],"predecessor-version":[{"id":1982,"href":"https:\/\/www.fagotten.org\/index.php?rest_route=\/wp\/v2\/pages\/28\/revisions\/1982"}],"wp:featuredmedia":[{"embeddable":true,"href":"https:\/\/www.fagotten.org\/index.php?rest_route=\/wp\/v2\/media\/37"}],"wp:attachment":[{"href":"https:\/\/www.fagotten.org\/index.php?rest_route=%2Fwp%2Fv2%2Fmedia&parent=28"}],"curies":[{"name":"wp","href":"https:\/\/api.w.org\/{rel}","templated":true}]}}