{"id":49,"date":"2015-03-26T19:59:00","date_gmt":"2015-03-26T19:59:00","guid":{"rendered":"http:\/\/172.16.0.202:81\/?page_id=49"},"modified":"2023-04-25T16:20:00","modified_gmt":"2023-04-25T17:20:00","slug":"datornatverket","status":"publish","type":"page","link":"https:\/\/www.fagotten.org\/?page_id=49","title":{"rendered":"Datorn\u00e4tverket"},"content":{"rendered":"<p><span style=\"color: #000000;\"><b>Som boende<\/b><\/span>\u00a0inom Brf Fagotten har du tillg\u00e5ng till en fast Internet-anslutning, s.k.\u00a0bredband, utan extra kostnad. Det ing\u00e5r i avgiften.<\/p>\n<p>F\u00f6r alla fr\u00e5gor kring n\u00e4tverk g\u00e5 till expeditionen f\u00f6rsta helgfria m\u00e5ndagen i varje m\u00e5nad kl 19:00-20:00 i k\u00e4llaren p\u00e5 Fl\u00f6jtv\u00e4gen 20.<\/p>\n<p><b>F\u00f6r att ansluta dig till datorn\u00e4tverket<\/b>\u00a0g\u00f6r du f\u00f6ljande:<\/p>\n<ol>\n<li>L\u00e4s igenom\u00a0<a href=\"\/wp-content\/uploads\/2015\/05\/avtaldatornatverk.pdf\">avtalet<\/a><\/li>\n<li>Koppla in din router eller dator i l\u00e4genhetens n\u00e4tverksuttag. (Finns oftast i hallen)<\/li>\n<li>Konfigurera din router eller dator att automatiskt st\u00e4lla in sig via DHCP. (\u00c4r n\u00e4stan alltid standardinst\u00e4llning)<\/li>\n<\/ol>\n<p><strong>Om du vill:<\/strong><\/p>\n<ul>\n<li>Ha hj\u00e4lp att konfigurera din router.<\/li>\n<li>Ha en &lt;ditt_namn&gt;@fagotten.org e-postadress.<\/li>\n<li>Prata med oss om n\u00e4tverket, eventuella problem etc.<\/li>\n<\/ul>\n<p>S\u00e5 hittar du oss p\u00e5 <a title=\"Driftgruppen\" href=\"\/?page_id=72\">Driftgruppens expedition<\/a>, f\u00f6rsta helgfria m\u00e5ndagen i varje m\u00e5nad kl 19:00-20:00 i k\u00e4llaren p\u00e5 Fl\u00f6jtv\u00e4gen 20.<\/p>\n<p><b>Om du flyttar ifr\u00e5n (eller innom) f\u00f6reningen<\/b> och tidigare varit nere hos oss och f\u00e5tt uppgifter om konton och liknande vill vi g\u00e4rna att du meddelar oss. Du kan g\u00f6ra det genom att fylla i blanketten &#8220;<a href=\"\/wp-content\/uploads\/2015\/05\/anmalan_end_form_natverk.pdf\">S\u00e4ga upp abonnemang<\/a>&#8221; och l\u00e4gger den i l\u00e5dan p\u00e5 gaveln till Fl\u00f6jtv\u00e4gen 20, eller skicka oss ett epostmeddelande till <a href=\"mailto:admin@fagotten.org\">admin@fagotten.org<\/a><\/p>\n<p><b>Om du har ett epost konto hos oss<\/b> s\u00e5 kan du f\u00f6rutom IMAP och POP komma \u00e5t det via v\u00e5r <a href=\"https:\/\/www.fagotten.org\/roundcube\" title=\"webmail portal\">webmail portal<\/a>.<\/p>\n","protected":false},"excerpt":{"rendered":"<p>Som boende\u00a0inom Brf Fagotten har du tillg\u00e5ng till en fast Internet-anslutning, s.k.\u00a0bredband, utan extra kostnad. Det ing\u00e5r i avgiften. F\u00f6r alla fr\u00e5gor kring n\u00e4tverk g\u00e5 till expeditionen f\u00f6rsta helgfria m\u00e5ndagen i varje m\u00e5nad kl 19:00-20:00 i k\u00e4llaren p\u00e5 Fl\u00f6jtv\u00e4gen 20. F\u00f6r att ansluta dig till datorn\u00e4tverket\u00a0g\u00f6r du f\u00f6ljande: L\u00e4s igenom\u00a0avtalet Koppla in din router eller &hellip; <a href=\"https:\/\/www.fagotten.org\/?page_id=49\" class=\"more-link\">Continue reading <span class=\"screen-reader-text\">Datorn\u00e4tverket<\/span> <span class=\"meta-nav\">&rarr;<\/span><\/a><\/p>\n","protected":false},"author":2,"featured_media":133,"parent":0,"menu_order":0,"comment_status":"closed","ping_status":"closed","template":"","meta":[],"_links":{"self":[{"href":"https:\/\/www.fagotten.org\/index.php?rest_route=\/wp\/v2\/pages\/49"}],"collection":[{"href":"https:\/\/www.fagotten.org\/index.php?rest_route=\/wp\/v2\/pages"}],"about":[{"href":"https:\/\/www.fagotten.org\/index.php?rest_route=\/wp\/v2\/types\/page"}],"author":[{"embeddable":true,"href":"https:\/\/www.fagotten.org\/index.php?rest_route=\/wp\/v2\/users\/2"}],"replies":[{"embeddable":true,"href":"https:\/\/www.fagotten.org\/index.php?rest_route=%2Fwp%2Fv2%2Fcomments&post=49"}],"version-history":[{"count":22,"href":"https:\/\/www.fagotten.org\/index.php?rest_route=\/wp\/v2\/pages\/49\/revisions"}],"predecessor-version":[{"id":1705,"href":"https:\/\/www.fagotten.org\/index.php?rest_route=\/wp\/v2\/pages\/49\/revisions\/1705"}],"wp:featuredmedia":[{"embeddable":true,"href":"https:\/\/www.fagotten.org\/index.php?rest_route=\/wp\/v2\/media\/133"}],"wp:attachment":[{"href":"https:\/\/www.fagotten.org\/index.php?rest_route=%2Fwp%2Fv2%2Fmedia&parent=49"}],"curies":[{"name":"wp","href":"https:\/\/api.w.org\/{rel}","templated":true}]}}