{"id":817,"date":"2020-05-18T17:45:40","date_gmt":"2020-05-18T18:45:40","guid":{"rendered":"https:\/\/www.fagotten.org\/?page_id=817"},"modified":"2025-10-27T08:55:54","modified_gmt":"2025-10-27T09:55:54","slug":"ansokningar-och-blanketter","status":"publish","type":"page","link":"https:\/\/www.fagotten.org\/?page_id=817","title":{"rendered":"Ans\u00f6kningar och Blanketter"},"content":{"rendered":"<p><strong>H\u00e4r kan du s\u00f6ka p\u00e5 alla blanketter och ans\u00f6kningar.<\/strong><\/p>\n<p><strong>Badrumsrenovering<\/strong><\/p>\n<ul>\n<li style=\"list-style-type: none;\">\n<ul>\n<li><a href=\"https:\/\/www.fagotten.org\/wp-content\/uploads\/2025\/10\/Startmotesprotokoll-badrumsrenovering..docx\">Startm\u00f6tesprotokoll<\/a> Badrum<\/li>\n<li><a href=\"https:\/\/www.fagotten.org\/wp-content\/uploads\/2025\/10\/Renoveringsinstruktion-Brf-Fagotten-slutgiltligt-forslag-.docx\">Renoverings <\/a>instruktion Badrum<\/li>\n<\/ul>\n<\/li>\n<li>Ans\u00f6kningblankett:\u00a0<a href=\"https:\/\/www.fagotten.org\/wp-content\/uploads\/2020\/05\/Anso\u0308kan-a\u0308ndring-lgh-HSB-Ska\u030ane.pdf\">Ans\u00f6kan \u00e4ndring L\u00e4genhet HSB Sk\u00e5ne<\/a><\/li>\n<\/ul>\n<p><strong>Andrahandsuthyrning<\/strong> f\u00e5r ske f\u00f6rst efter tillst\u00e5nd fr\u00e5n styrelsen. Tillst\u00e5nd beviljas f\u00f6r maximalt ett \u00e5r i taget. Ans\u00f6kan m\u00e5ste l\u00e4mnas skriftligen till f\u00f6rvaltaren. D\u00e4refter behandlas \u00e4rendet p\u00e5 kommande styrelsem\u00f6te. Ans\u00f6kningsblankett finns p\u00e5 hemsidan och kan l\u00e4mnas i f\u00f6reningens postl\u00e5da p\u00e5 Fl\u00f6jtv\u00e4gen 20 eller skickas till f\u00f6rvaltaren med e-post.<\/p>\n<ul>\n<li>En avgift tas ut och l\u00e4ggs p\u00e5 m\u00e5nadsavgiften under uthyrningsperioden. Blankett <a href=\"https:\/\/www.fagotten.org\/wp-content\/uploads\/2025\/05\/Andrahandsupplatelse-bostadsratt_NY-JUSTERAD1.pdf\">andrahandsuthyrning-brf-fagotten-i-lund<\/a><\/li>\n<\/ul>\n<p><strong>Utbyggnad Balkong:\u00a0<\/strong>Balkong har alla l\u00e4genheter. P\u00e5 bottenv\u00e5ningen kan man bygga ut den till en altan enligt nedanst\u00e5ende regler. OBS! F\u00f6reningen har inte ett generellt bygglov utan bygglov m\u00e5ste s\u00f6kas av l\u00e4genhetsinnehavaren.<\/p>\n<ul>\n<li>Balkongutbyggnaden f\u00e5r skjuta ut maximalt 1200 mm fr\u00e5n den ursprungliga v\u00e4ggen. Front- och sidostaket f\u00e5r h\u00f6gst vara 1100 mm fr\u00e5n det ursprungliga cementgolvet, inklusive \u00f6verliggare. Tr\u00e4panelen ska vara st\u00e5ende. En liten trappa f\u00e5r leda ner till gr\u00e4smattan eller rabatt, men inte utg\u00f6ra n\u00e5got hinder f\u00f6r gr\u00e4sklippning.<\/li>\n<li>Bostadsr\u00e4ttsinnehavaren har sj\u00e4lv ansvar f\u00f6r underh\u00e5llet av balkongutbyggnad.<\/li>\n<li>Balkongutbyggnad och renovering av balkong m\u00e5ste i likhet med alla st\u00f6rre f\u00f6r\u00e4ndringar anm\u00e4las till f\u00f6rvaltaren innan arbetet p\u00e5b\u00f6rjas. Efter anm\u00e4lan erh\u00e5ller man bygglovsritningar. Efter avslutat arbete meddela f\u00f6rvaltaren som g\u00f6r en besiktning f\u00f6r att kontrollera att utbyggnaden f\u00f6ljer bygglovet.<\/li>\n<li>Om bygglovet inte f\u00f6ljs \u00e4r det bostadsr\u00e4ttsinnehavarens ansvar att anpassa utbyggnaden till bygglovet.<\/li>\n<li>Om din balkong i nul\u00e4get inte f\u00f6ljer bygglovet \u00e4r du vid en f\u00f6rs\u00e4ljning skyldig att informera k\u00f6paren av l\u00e4genheten om detta (\u00e4ven om balkongen inte \u00e4ndrats p\u00e5 m\u00e5nga \u00e5r).<\/li>\n<li>Om du g\u00f6r p\u00e5tagliga renoveringsarbeten (t.ex. byte av tr\u00e4virket i golv och\/eller r\u00e4cke) m\u00e5ste du anpassa balkongens utformning och m\u00e5tt, s\u00e5 att de st\u00e4mmer \u00f6verens med bygglovet.<\/li>\n<li>Notera att en eventuell utbyggnad anv\u00e4nds med nyttjander\u00e4tt och den \u00e4r s\u00e5ledes inte en del av l\u00e4genheten. Bostadsr\u00e4ttsinnehavare ansvarar f\u00f6r all sk\u00f6tsel och allt underh\u00e5llsarbete av utbyggnaden.<\/li>\n<li>F\u00f6reningen \u00e5terst\u00e4ller inte utbyggnader om de beh\u00f6ver rivas p\u00e5 grund av underh\u00e5llsarbeten. Se \u00e4ven rutin f\u00f6r balkongutbyggnad som finns p\u00e5 hemsidan eller kan f\u00e5s fr\u00e5n f\u00f6rvaltaren.<\/li>\n<li>Framf\u00f6r balkongen f\u00e5r bostadsr\u00e4ttsinnehavaren ha en rabatt p\u00e5 maximalt 50 cm om denne sj\u00e4lv ansvarar f\u00f6r sk\u00f6tseln.\u00a0<a href=\"https:\/\/www.fagotten.org\/wp-content\/uploads\/2020\/05\/Balkongutbyggnad-ans\u00f6kan.pdf\">balkongutbyggnad-ansokan<\/a><\/li>\n<\/ul>\n<p><strong>F\u00f6nster<\/strong>: Som boende ansvarar du f\u00f6r underh\u00e5ll och m\u00e5lning av tr\u00e4karmar inne och mellan f\u00f6nster.<\/p>\n<ul>\n<li>Medf\u00f6r brist p\u00e5 underh\u00e5ll att f\u00f6nster m\u00e5ste \u00e5tg\u00e4rdas\/bytas blir du som boende betalningsansvarig f\u00f6r reparationer.<\/li>\n<li>T\u00e4nk p\u00e5 att \u00e4ven sm\u00f6rja g\u00e5ngj\u00e4rnen om du m\u00e4rker att f\u00f6nstren \u00e4r sv\u00e5ra att \u00f6ppna. P\u00e5 kortsidan av husen \u00e4r det till\u00e5tet att installera f\u00f6nster.<\/li>\n<li>Installation f\u00e5r endast g\u00f6ras efter att styrelsen l\u00e4mnat tillst\u00e5nd efter skriftlig ans\u00f6kan. Kontakta f\u00f6rvaltaren f\u00f6r information om regler och villkor eller l\u00e4s h\u00e4r: <a href=\"https:\/\/www.fagotten.org\/wp-content\/uploads\/2020\/05\/Rutiner-f\u00f6r-bygglovspliktiga-\u00e5tg\u00e4rder.pdf\">Rutiner f\u00f6r bygglovspliktiga \u00e5tg\u00e4rder<\/a><\/li>\n<\/ul>\n<p><strong>Inre fond:<\/strong> Avs\u00e4ttning till inre fond f\u00f6r varje l\u00e4genhet har upph\u00f6rt.<\/p>\n<ul>\n<li>D\u00e4remot kan eventuella pengar som inte tidigare utnyttjats anv\u00e4ndas till reparation och upprustning av l\u00e4genheten. Du kan se om det finns pengar i din inre fond p\u00e5 HSB-Portalen som du loggar in p\u00e5 via HSB-Sk\u00e5nes webbsida (https:\/\/www.hsb.se\/skane\/).<\/li>\n<li>F\u00f6r att f\u00e5 ut pengar fr\u00e5n inre fonden kr\u00e4vs att du l\u00e4mnar in kvitton p\u00e5 godk\u00e4nda, utf\u00f6rda arbeten (ej fakturor). Fyll i denna blankett och l\u00e4mna p\u00e5 expeditionen. Om ni beh\u00f6ver hj\u00e4lp bes\u00f6k g\u00e4rna f\u00f6rvaltaren under \u00f6ppettider, s\u00e5 kan han hj\u00e4lpa er att fylla i den. <a href=\"https:\/\/www.fagotten.org\/wp-content\/uploads\/2025\/07\/uttag-inre-fond.pdf\">blankett<\/a><\/li>\n<\/ul>\n<p><strong>Markiser<\/strong> f\u00e5r s\u00e4ttas upp ovanf\u00f6r f\u00f6nster och balkonger.<\/p>\n<ul>\n<li>Markiserna m\u00e5ste f\u00e4stas i f\u00f6nsterkarmen, utan att g\u00f6ra \u00e5verkan p\u00e5 fasaden, eller i betongen i taket till balkongen.<\/li>\n<li>Markiser ska vara enf\u00e4rgade i en nyans s\u00e5 n\u00e4ra tegelr\u00f6tt som m\u00f6jligt.<\/li>\n<\/ul>\n<p><strong>Ombyggnader<\/strong> av l\u00e4genheter m\u00e5ste anm\u00e4las skriftligen till f\u00f6rvaltaren och godk\u00e4nnas av f\u00f6rvaltaren (mindre ingrepp) eller av styrelsen (st\u00f6rre ingrepp).<\/p>\n<ul>\n<li>Vid en st\u00f6rre ombyggnad, skicka detaljerade f\u00f6rslag till f\u00f6rvaltaren i god tid innan du t\u00e4nker g\u00f6ra n\u00e5got (styrelsen sammantr\u00e4der ungef\u00e4r en g\u00e5ng i m\u00e5naden). Tala med f\u00f6rvaltaren om det \u00e4r n\u00e5got du undrar \u00f6ver.<\/li>\n<li>Exempel p\u00e5 mindre ingrepp \u00e4r h\u00e5ltagning i eller flyttning\/borttagning av en icke b\u00e4rande gipsv\u00e4gg.<\/li>\n<li>Vill du d\u00e4remot ta upp ett h\u00e5l i en b\u00e4rande betongv\u00e4gg \u00e4r det ett stort ingrepp som skulle kunna \u00e4ventyra fastighetens stabilitet. Vid s\u00e5dan \u00e5tg\u00e4rd ska intyg om arbetets h\u00e5llfasthetsinverkan p\u00e5 fastigheten fr\u00e5n beh\u00f6rig byggnadsingenj\u00f6r eller motsvarande l\u00e4mnas in.<\/li>\n<li>Be om intyg innan du anlitar hantverkare.\u00a0<a href=\"https:\/\/www.fagotten.org\/wp-content\/uploads\/2020\/05\/Anso\u0308kan-Renovering-i-l\u00e4genhet.pdf\">Ans\u00f6kan renovering i l\u00e4genhet<\/a>.<\/li>\n<li>Om du planerar att bygga till, bygga om, eller glasa in din balkong, se \u00e4ven <a href=\"https:\/\/www.fagotten.org\/wp-content\/uploads\/2020\/05\/Rutiner-f\u00f6r-bygglovspliktiga-\u00e5tg\u00e4rder.pdf\">Rutiner f\u00f6r bygglovspliktiga \u00e5tgarder<\/a><\/li>\n<\/ul>\n<p><strong>V\u00e4ggar<\/strong> i l\u00e4genheterna \u00e4r av tv\u00e5 typer.<\/p>\n<ul>\n<li>Fr\u00e5n ytterv\u00e4gg till ytterv\u00e4gg l\u00f6per de b\u00e4rande betongv\u00e4ggarna<\/li>\n<li>L\u00e4ngs med huskroppen finns utfackningsv\u00e4ggar med gipsskivor.<\/li>\n<li>Ska man s\u00e4tta upp tyngre saker f\u00e5r man ha olika tillv\u00e4gag\u00e5ngss\u00e4tt f\u00f6r dessa b\u00e5da v\u00e4ggtyper.<\/li>\n<li>I betongv\u00e4ggarna borrar man h\u00e5l med en borrhammare (kan l\u00e5nas av f\u00f6reningen) eller <strong>slagborrmaskin<\/strong>, s\u00e4tter i en plastplugg och skruvar i den.<\/li>\n<li>I gipsv\u00e4ggarna borrar man f\u00f6rst ett h\u00e5l med en vanlig borr och f\u00e4ster sedan n\u00e5gon typ av gipsankare i detta h\u00e5l (man kan ocks\u00e5 skruva direkt i tr\u00e4reglarna om man hittar dem). F\u00f6r l\u00e4ttare saker kan man ocks\u00e5 k\u00f6pa f\u00e4stanordningar som man direkt spikar eller skruvar i v\u00e4ggen.<\/li>\n<li><a href=\"https:\/\/www.fagotten.org\/wp-content\/uploads\/2020\/05\/Ans\u00f6kan-L\u00e5n-av-slagborr.pdf\">Ans\u00f6kan f\u00f6r l\u00e5n av slagborr<\/a><\/li>\n<\/ul>\n","protected":false},"excerpt":{"rendered":"<p>H\u00e4r kan du s\u00f6ka p\u00e5 alla blanketter och ans\u00f6kningar. Badrumsrenovering Startm\u00f6tesprotokoll Badrum Renoverings instruktion Badrum Ans\u00f6kningblankett:\u00a0Ans\u00f6kan \u00e4ndring L\u00e4genhet HSB Sk\u00e5ne Andrahandsuthyrning f\u00e5r ske f\u00f6rst efter tillst\u00e5nd fr\u00e5n styrelsen. Tillst\u00e5nd beviljas f\u00f6r maximalt ett \u00e5r i taget. Ans\u00f6kan m\u00e5ste l\u00e4mnas skriftligen till f\u00f6rvaltaren. D\u00e4refter behandlas \u00e4rendet p\u00e5 kommande styrelsem\u00f6te. Ans\u00f6kningsblankett finns p\u00e5 hemsidan och kan l\u00e4mnas &hellip; <a href=\"https:\/\/www.fagotten.org\/?page_id=817\" class=\"more-link\">Continue reading <span class=\"screen-reader-text\">Ans\u00f6kningar och Blanketter<\/span> <span class=\"meta-nav\">&rarr;<\/span><\/a><\/p>\n","protected":false},"author":4,"featured_media":0,"parent":0,"menu_order":0,"comment_status":"open","ping_status":"open","template":"","meta":[],"_links":{"self":[{"href":"https:\/\/www.fagotten.org\/index.php?rest_route=\/wp\/v2\/pages\/817"}],"collection":[{"href":"https:\/\/www.fagotten.org\/index.php?rest_route=\/wp\/v2\/pages"}],"about":[{"href":"https:\/\/www.fagotten.org\/index.php?rest_route=\/wp\/v2\/types\/page"}],"author":[{"embeddable":true,"href":"https:\/\/www.fagotten.org\/index.php?rest_route=\/wp\/v2\/users\/4"}],"replies":[{"embeddable":true,"href":"https:\/\/www.fagotten.org\/index.php?rest_route=%2Fwp%2Fv2%2Fcomments&post=817"}],"version-history":[{"count":29,"href":"https:\/\/www.fagotten.org\/index.php?rest_route=\/wp\/v2\/pages\/817\/revisions"}],"predecessor-version":[{"id":2389,"href":"https:\/\/www.fagotten.org\/index.php?rest_route=\/wp\/v2\/pages\/817\/revisions\/2389"}],"wp:attachment":[{"href":"https:\/\/www.fagotten.org\/index.php?rest_route=%2Fwp%2Fv2%2Fmedia&parent=817"}],"curies":[{"name":"wp","href":"https:\/\/api.w.org\/{rel}","templated":true}]}}